{"id":2598,"date":"2025-06-12T05:26:43","date_gmt":"2025-06-12T05:26:43","guid":{"rendered":"https:\/\/tina-estrella.com\/kontakt\/"},"modified":"2025-09-12T13:04:12","modified_gmt":"2025-09-12T13:04:12","slug":"kontakt","status":"publish","type":"page","link":"https:\/\/tina-estrella.com\/de\/kontakt\/","title":{"rendered":"Kontakt"},"content":{"rendered":"\t\t<div data-elementor-type=\"wp-page\" data-elementor-id=\"2598\" class=\"elementor elementor-2598 elementor-32\" data-elementor-post-type=\"page\">\n\t\t\t\t<div class=\"elementor-element elementor-element-c1cddec e-flex e-con-boxed e-con e-parent\" data-id=\"c1cddec\" data-element_type=\"container\" data-settings=\"{&quot;background_background&quot;:&quot;classic&quot;}\">\n\t\t\t\t\t<div class=\"e-con-inner\">\n\t\t<div class=\"elementor-element elementor-element-b348c58 e-con-full e-flex e-con e-child\" data-id=\"b348c58\" data-element_type=\"container\">\n\t\t\t\t<div class=\"elementor-element elementor-element-38c1e29 elementor-widget elementor-widget-heading\" data-id=\"38c1e29\" data-element_type=\"widget\" data-widget_type=\"heading.default\">\n\t\t\t\t<div class=\"elementor-widget-container\">\n\t\t\t\t\t<h6 class=\"elementor-heading-title elementor-size-default\">Das ist Deine Einladung:<\/h6>\t\t\t\t<\/div>\n\t\t\t\t<\/div>\n\t\t\t\t<div class=\"elementor-element elementor-element-5dce63a elementor-widget elementor-widget-heading\" data-id=\"5dce63a\" data-element_type=\"widget\" data-widget_type=\"heading.default\">\n\t\t\t\t<div class=\"elementor-widget-container\">\n\t\t\t\t\t<h2 class=\"elementor-heading-title elementor-size-default\"><i>Melde<\/i> DICH, <i>tritt in<\/i> DEINE KRAFT!<\/h2>\t\t\t\t<\/div>\n\t\t\t\t<\/div>\n\t\t\t\t<div class=\"elementor-element elementor-element-9458e3f elementor-icon-list--layout-traditional elementor-list-item-link-full_width elementor-widget elementor-widget-icon-list\" data-id=\"9458e3f\" data-element_type=\"widget\" data-widget_type=\"icon-list.default\">\n\t\t\t\t<div class=\"elementor-widget-container\">\n\t\t\t\t\t\t\t<ul class=\"elementor-icon-list-items\">\n\t\t\t\t\t\t\t<li class=\"elementor-icon-list-item\">\n\t\t\t\t\t\t\t\t\t\t\t<a href=\"mailto:tina@tina-estrella.com\">\n\n\t\t\t\t\t\t\t\t\t\t\t\t<span class=\"elementor-icon-list-icon\">\n\t\t\t\t\t\t\t<svg aria-hidden=\"true\" class=\"e-font-icon-svg e-far-envelope\" viewBox=\"0 0 512 512\" xmlns=\"http:\/\/www.w3.org\/2000\/svg\"><path d=\"M464 64H48C21.49 64 0 85.49 0 112v288c0 26.51 21.49 48 48 48h416c26.51 0 48-21.49 48-48V112c0-26.51-21.49-48-48-48zm0 48v40.805c-22.422 18.259-58.168 46.651-134.587 106.49-16.841 13.247-50.201 45.072-73.413 44.701-23.208.375-56.579-31.459-73.413-44.701C106.18 199.465 70.425 171.067 48 152.805V112h416zM48 400V214.398c22.914 18.251 55.409 43.862 104.938 82.646 21.857 17.205 60.134 55.186 103.062 54.955 42.717.231 80.509-37.199 103.053-54.947 49.528-38.783 82.032-64.401 104.947-82.653V400H48z\"><\/path><\/svg>\t\t\t\t\t\t<\/span>\n\t\t\t\t\t\t\t\t\t\t<span class=\"elementor-icon-list-text\">tina@tina-estrella.com<\/span>\n\t\t\t\t\t\t\t\t\t\t\t<\/a>\n\t\t\t\t\t\t\t\t\t<\/li>\n\t\t\t\t\t\t<\/ul>\n\t\t\t\t\t\t<\/div>\n\t\t\t\t<\/div>\n\t\t\t\t<div class=\"elementor-element elementor-element-34e0865 elementor-widget elementor-widget-heading\" data-id=\"34e0865\" data-element_type=\"widget\" data-widget_type=\"heading.default\">\n\t\t\t\t<div class=\"elementor-widget-container\">\n\t\t\t\t\t<h3 class=\"elementor-heading-title elementor-size-default\">Lass uns dort begegnen, wo die Stimmung fetzt und die Knaller landen \u2013 schau auf meinen Plattformen vorbei .\u263f\ufe0f <\/h3>\t\t\t\t<\/div>\n\t\t\t\t<\/div>\n\t\t\t\t<div class=\"elementor-element elementor-element-43fe2d7 elementor-shape-circle elementor-grid-0 elementor-widget elementor-widget-social-icons\" data-id=\"43fe2d7\" data-element_type=\"widget\" data-widget_type=\"social-icons.default\">\n\t\t\t\t<div class=\"elementor-widget-container\">\n\t\t\t\t\t\t\t<div class=\"elementor-social-icons-wrapper elementor-grid\" role=\"list\">\n\t\t\t\t\t\t\t<span class=\"elementor-grid-item\" role=\"listitem\">\n\t\t\t\t\t<a class=\"elementor-icon elementor-social-icon elementor-social-icon-ti-instagram elementor-animation-float elementor-repeater-item-649a031\" href=\"https:\/\/www.instagram.com\/flowstate.manager.tina?igsh=MWJyZnJkZ2E2Z2E1bA==\" target=\"_blank\">\n\t\t\t\t\t\t<span class=\"elementor-screen-only\">Ti-instagram<\/span>\n\t\t\t\t\t\t<i aria-hidden=\"true\" class=\" ti-instagram\"><\/i>\t\t\t\t\t<\/a>\n\t\t\t\t<\/span>\n\t\t\t\t\t\t\t<span class=\"elementor-grid-item\" role=\"listitem\">\n\t\t\t\t\t<a class=\"elementor-icon elementor-social-icon elementor-social-icon-tiktok elementor-animation-float elementor-repeater-item-8cd77d4\" href=\"https:\/\/www.tiktok.com\/@flowstate.manager.tina?_t=ZN-8xWyxRPg0Qg&#038;_r=1\" target=\"_blank\">\n\t\t\t\t\t\t<span class=\"elementor-screen-only\">Tiktok<\/span>\n\t\t\t\t\t\t<svg aria-hidden=\"true\" class=\"e-font-icon-svg e-fab-tiktok\" viewBox=\"0 0 448 512\" xmlns=\"http:\/\/www.w3.org\/2000\/svg\"><path d=\"M448,209.91a210.06,210.06,0,0,1-122.77-39.25V349.38A162.55,162.55,0,1,1,185,188.31V278.2a74.62,74.62,0,1,0,52.23,71.18V0l88,0a121.18,121.18,0,0,0,1.86,22.17h0A122.18,122.18,0,0,0,381,102.39a121.43,121.43,0,0,0,67,20.14Z\"><\/path><\/svg>\t\t\t\t\t<\/a>\n\t\t\t\t<\/span>\n\t\t\t\t\t<\/div>\n\t\t\t\t\t\t<\/div>\n\t\t\t\t<\/div>\n\t\t\t\t<\/div>\n\t\t<div class=\"elementor-element elementor-element-862b7d2 e-con-full e-flex e-con e-child\" data-id=\"862b7d2\" data-element_type=\"container\" data-settings=\"{&quot;background_background&quot;:&quot;classic&quot;}\">\n\t\t\t\t<div class=\"elementor-element elementor-element-2378884 elementor-widget elementor-widget-heading\" data-id=\"2378884\" data-element_type=\"widget\" data-widget_type=\"heading.default\">\n\t\t\t\t<div class=\"elementor-widget-container\">\n\t\t\t\t\t<h3 class=\"elementor-heading-title elementor-size-default\">Mach den ersten Schritt: <\/h3>\t\t\t\t<\/div>\n\t\t\t\t<\/div>\n\t\t\t\t<div class=\"elementor-element elementor-element-0fd1231 elementor-button-align-stretch elementor-widget elementor-widget-form\" data-id=\"0fd1231\" data-element_type=\"widget\" data-settings=\"{&quot;step_next_label&quot;:&quot;Weiter&quot;,&quot;step_previous_label&quot;:&quot;Zur\\u00fcck&quot;,&quot;button_width&quot;:&quot;100&quot;,&quot;step_type&quot;:&quot;number_text&quot;,&quot;step_icon_shape&quot;:&quot;circle&quot;}\" data-widget_type=\"form.default\">\n\t\t\t\t<div class=\"elementor-widget-container\">\n\t\t\t\t\t\t\t<form class=\"elementor-form\" method=\"post\" name=\"Neues Formular\" aria-label=\"Neues Formular\">\n\t\t\t<input type=\"hidden\" name=\"post_id\" value=\"2598\"\/>\n\t\t\t<input type=\"hidden\" name=\"form_id\" value=\"0fd1231\"\/>\n\t\t\t<input type=\"hidden\" name=\"referer_title\" value=\"Kontakt\" \/>\n\n\t\t\t\t\t\t\t<input type=\"hidden\" name=\"queried_id\" value=\"2598\"\/>\n\t\t\t\n\t\t\t<div class=\"elementor-form-fields-wrapper elementor-labels-\">\n\t\t\t\t\t\t\t\t<div class=\"elementor-field-type-text elementor-field-group elementor-column elementor-field-group-name elementor-col-100\">\n\t\t\t\t\t\t\t\t\t\t\t\t<label for=\"form-field-name\" class=\"elementor-field-label elementor-screen-only\">\n\t\t\t\t\t\t\t\tName\t\t\t\t\t\t\t<\/label>\n\t\t\t\t\t\t\t\t\t\t\t\t\t\t<input size=\"1\" type=\"text\" name=\"form_fields[name]\" id=\"form-field-name\" class=\"elementor-field elementor-size-md  elementor-field-textual\" placeholder=\"Name\">\n\t\t\t\t\t\t\t\t\t\t\t<\/div>\n\t\t\t\t\t\t\t\t<div class=\"elementor-field-type-number elementor-field-group elementor-column elementor-field-group-field_563a936 elementor-col-100\">\n\t\t\t\t\t\t\t\t\t\t\t\t<label for=\"form-field-field_563a936\" class=\"elementor-field-label elementor-screen-only\">\n\t\t\t\t\t\t\t\tTelefon\t\t\t\t\t\t\t<\/label>\n\t\t\t\t\t\t\t\t\t<input type=\"number\" name=\"form_fields[field_563a936]\" id=\"form-field-field_563a936\" class=\"elementor-field elementor-size-md  elementor-field-textual\" placeholder=\"Telefon\" min=\"\" max=\"\" >\n\t\t\t\t\t\t<\/div>\n\t\t\t\t\t\t\t\t<div class=\"elementor-field-type-email elementor-field-group elementor-column elementor-field-group-email elementor-col-100 elementor-field-required\">\n\t\t\t\t\t\t\t\t\t\t\t\t<label for=\"form-field-email\" class=\"elementor-field-label elementor-screen-only\">\n\t\t\t\t\t\t\t\tE-Mail\t\t\t\t\t\t\t<\/label>\n\t\t\t\t\t\t\t\t\t\t\t\t\t\t<input size=\"1\" type=\"email\" name=\"form_fields[email]\" id=\"form-field-email\" class=\"elementor-field elementor-size-md  elementor-field-textual\" placeholder=\"E-Mail\" required=\"required\">\n\t\t\t\t\t\t\t\t\t\t\t<\/div>\n\t\t\t\t\t\t\t\t<div class=\"elementor-field-type-textarea elementor-field-group elementor-column elementor-field-group-message elementor-col-100\">\n\t\t\t\t\t\t\t\t\t\t\t\t<label for=\"form-field-message\" class=\"elementor-field-label elementor-screen-only\">\n\t\t\t\t\t\t\t\tNachricht\t\t\t\t\t\t\t<\/label>\n\t\t\t\t\t\t<textarea class=\"elementor-field-textual elementor-field  elementor-size-md\" name=\"form_fields[message]\" id=\"form-field-message\" rows=\"4\" placeholder=\"Nachricht\"><\/textarea>\t\t\t\t<\/div>\n\t\t\t\t\t\t\t\t<div class=\"elementor-field-type-html elementor-field-group elementor-column elementor-field-group-field_c623815 elementor-col-100\">\n\t\t\t\t\t<!-- Add this CAPTCHA field to your Elementor form using HTML widget -->\n<div class=\"elementor-field-group elementor-column elementor-field-group-captcha elementor-col-40\">\n    \n    <div style=\"display: flex; align-items: center; gap: 10px; margin-bottom: 10px;\">\n        <div id=\"captcha-code\" style=\"\n        font-weight: bold;\n        font-size: 18px; \n        font-family: 'Courier New', monospace;\n        background: transparent;\n        border-radius: 5px;\n        letter-spacing: 4px;\n        user-select: none;\n        text-align: center;\n        color: #333;\n        \"><\/div>\n    <\/div>\n    \n    <input type=\"text\" \n       id=\"captcha-input\" \n       name=\"captcha_verification\" \n       class=\"elementor-field elementor-size-sm elementor-field-textual\" \n       placeholder=\"Bitte CAPTCHA eingeben\" \n       required=\"required\" \n       aria-invalid=\"false\"\n       style=\"width: 100%;\" \/>\n\n    <!-- Hidden field to store the correct answer -->\n    <input type=\"hidden\" id=\"captcha-solution\" name=\"captcha_solution\" \/>\n    \n    <div id=\"captcha-error\" style=\"color: #dc3545; font-size: 13px; margin-top: 5px; display: none;\"><\/div>\n    <div id=\"captcha-success\" style=\"color: #28a745; font-size: 13px; margin-top: 5px; display: none;\"><\/div>\n<\/div>\n\n<script type=\"text\/javascript\">\n(function() {\n    'use strict';\n    \n    let captchaValidated = false;\n    \n    \/\/ Generate CAPTCHA code\n    function generateCaptchaCode() {\n       const characters = 'ABCDEFGHIKLMNOPRSTUVWXZ\u00c4\u00d6\u00dcabcdefghiklmnoprstuvwxz\u00e4\u00f6\u00fc23456789';\n        let captcha = '';\n        for (let i = 0; i < 5; i++) {\n            captcha += characters.charAt(Math.floor(Math.random() * characters.length));\n        }\n\n        const codeDisplay = document.getElementById(\"captcha-code\");\n        const solutionField = document.getElementById(\"captcha-solution\");\n        const inputField = document.getElementById(\"captcha-input\");\n\n        if (codeDisplay) codeDisplay.innerText = captcha;\n        if (solutionField) solutionField.value = captcha;\n        if (inputField) inputField.value = \"\";\n\n        captchaValidated = false;\n        clearMessages();\n    }\n\n    function clearMessages() {\n        const errorDiv = document.getElementById(\"captcha-error\");\n        const successDiv = document.getElementById(\"captcha-success\");\n        if (errorDiv) errorDiv.style.display = \"none\";\n        if (successDiv) successDiv.style.display = \"none\";\n    }\n    \n    function showError(message) {\n        const errorDiv = document.getElementById(\"captcha-error\");\n        if (errorDiv) {\n            errorDiv.innerHTML = message;\n            errorDiv.style.display = \"block\";\n        }\n        const successDiv = document.getElementById(\"captcha-success\");\n        if (successDiv) successDiv.style.display = \"none\";\n    }\n    \n    function showSuccess() {\n        const successDiv = document.getElementById(\"captcha-success\");\n        if (successDiv) {\n            successDiv.innerHTML = \"\u2713 CAPTCHA erfolgreich best\u00e4tigt!\";\n            successDiv.style.display = \"block\";\n        }\n        const errorDiv = document.getElementById(\"captcha-error\");\n        if (errorDiv) errorDiv.style.display = \"none\";\n    }\n    \n    \/\/ Initialize when DOM is ready\n    function initializeCaptcha() {\n        generateCaptchaCode();\n        \n        const captchaInput = document.getElementById(\"captcha-input\");\n        if (captchaInput) {\n            captchaInput.addEventListener(\"input\", function() {\n                if (this.value.length === 0) {\n                    clearMessages();\n                } else if (this.value.length === 5) {\n                    setTimeout(() => validateCaptcha(), 100);\n                }\n            });\n            \n            captchaInput.addEventListener(\"blur\", function() {\n                if (this.value.length > 0) {\n                    validateCaptcha();\n                }\n            });\n        }\n    }\n\n    \/\/ Validate CAPTCHA input\n    function validateCaptcha(silent = false) {\n        const userInput = document.getElementById(\"captcha-input\");\n        const solution = document.getElementById(\"captcha-solution\");\n\n        if (!userInput || !solution) return false;\n\n        const userCaptcha = userInput.value.trim(); \n        const correctCaptcha = solution.value; \n\n        if (userCaptcha.length === 5 && userCaptcha === correctCaptcha) {\n            captchaValidated = true;\n            if (!silent) showSuccess();\n            return true;\n        } else {\n            captchaValidated = false;\n            if (!silent && userCaptcha.length === 5) {\n                showError(\"\u274c Falsches CAPTCHA. Bitte erneut versuchen.\");\n            }\n            return false;\n        }\n    }\n\n    \/\/ Attach form validation\n    function attachFormValidation() {\n        const checkForm = setInterval(function() {\n            const form = document.querySelector('form.elementor-form');\n            \n            if (form && !form.dataset.captchaAttached) {\n                form.dataset.captchaAttached = 'true';\n                \n                form.addEventListener('submit', function(e) {\n                    const userInput = document.getElementById(\"captcha-input\");\n                    const solution = document.getElementById(\"captcha-solution\");\n                    \n                    if (!userInput || !solution) return true; \n                    \n                    const userCaptcha = userInput.value.trim();\n                    const correctCaptcha = solution.value;\n                    \n                    if (userCaptcha.length !== 5 || userCaptcha !== correctCaptcha) {\n                        e.preventDefault();\n                        e.stopImmediatePropagation();\n                        \n                        showError(\"\u274c Bitte geben Sie den korrekten CAPTCHA-Code ein, um das Formular zu senden.\");\n                        userInput.focus();\n                        \n                        return false;\n                    }\n                    \n                    showSuccess();\n                    return true;\n                });\n                \n                clearInterval(checkForm);\n            }\n        }, 100);\n        \n        setTimeout(() => clearInterval(checkForm), 10000);\n    }\n\n    \/\/ Init on load\n    if (document.readyState === 'loading') {\n        document.addEventListener('DOMContentLoaded', function() {\n            setTimeout(initializeCaptcha, 100);\n            setTimeout(attachFormValidation, 200);\n        });\n    } else {\n        setTimeout(initializeCaptcha, 100);\n        setTimeout(attachFormValidation, 200);\n    }\n    \n    \/\/ Observe dynamic content\n    const observer = new MutationObserver(function(mutations) {\n        mutations.forEach(function(mutation) {\n            if (mutation.type === 'childList' && mutation.addedNodes.length > 0) {\n                for (let node of mutation.addedNodes) {\n                    if (node.nodeType === Node.ELEMENT_NODE) {\n                        if (node.querySelector && node.querySelector('form.elementor-form')) {\n                            setTimeout(attachFormValidation, 100);\n                        }\n                    }\n                }\n            }\n        });\n    });\n    \n    observer.observe(document.body, {\n        childList: true,\n        subtree: true\n    });\n})();\n<\/script>\n\t\t\t\t<\/div>\n\t\t\t\t\t\t\t\t<div class=\"elementor-field-group elementor-column elementor-field-type-submit elementor-col-100 e-form__buttons\">\n\t\t\t\t\t<button class=\"elementor-button elementor-size-md\" type=\"submit\">\n\t\t\t\t\t\t<span class=\"elementor-button-content-wrapper\">\n\t\t\t\t\t\t\t\t\t\t\t\t\t\t\t\t\t\t\t\t\t\t<span class=\"elementor-button-text\">Abschicken<\/span>\n\t\t\t\t\t\t\t\t\t\t\t\t\t<\/span>\n\t\t\t\t\t<\/button>\n\t\t\t\t<\/div>\n\t\t\t<\/div>\n\t\t<\/form>\n\t\t\t\t\t\t<\/div>\n\t\t\t\t<\/div>\n\t\t\t\t<div class=\"elementor-element elementor-element-3ed3048 para-head para-clr elementor-widget elementor-widget-text-editor\" data-id=\"3ed3048\" data-element_type=\"widget\" data-widget_type=\"text-editor.default\">\n\t\t\t\t<div class=\"elementor-widget-container\">\n\t\t\t\t\t\t\t\t\t<h3>Beginn unsere Unterhaltung: Dein <a href=\"https:\/\/calendly.com\/tina-estrella\/flowstate-management-discovery\" target=\"_blank\" rel=\"noopener\">Flowstate Management Kennenlerngespr\u00e4ch<\/a><\/h3>\t\t\t\t\t\t\t\t<\/div>\n\t\t\t\t<\/div>\n\t\t\t\t<div class=\"elementor-element elementor-element-881d02a para-head para-clr elementor-widget elementor-widget-text-editor\" data-id=\"881d02a\" data-element_type=\"widget\" data-widget_type=\"text-editor.default\">\n\t\t\t\t<div class=\"elementor-widget-container\">\n\t\t\t\t\t\t\t\t\t<h3>Erhalte kostenlose Tools + Inspirationen (in English) : <a href=\"https:\/\/tina-estrella.kit.com\/06d18ec1b3\" target=\"_blank\" rel=\"noopener\">Tina Estrella&#8217;s infinite world of play<\/a><\/h3>\t\t\t\t\t\t\t\t<\/div>\n\t\t\t\t<\/div>\n\t\t\t\t<div class=\"elementor-element elementor-element-4028f6a elementor-hidden-desktop elementor-hidden-tablet elementor-hidden-mobile elementor-widget elementor-widget-text-editor\" data-id=\"4028f6a\" data-element_type=\"widget\" data-widget_type=\"text-editor.default\">\n\t\t\t\t<div class=\"elementor-widget-container\">\n\t\t\t\t\t\t\t\t\t<p>Hol dir die aufregendsten und saftigsten Inhalte zu Flowstate Management, IFS und Somatik exklusiv hier!<\/p>\t\t\t\t\t\t\t\t<\/div>\n\t\t\t\t<\/div>\n\t\t\t\t<\/div>\n\t\t\t\t\t<\/div>\n\t\t\t\t<\/div>\n\t\t\t\t<\/div>\n\t\t","protected":false},"excerpt":{"rendered":"<p>Das ist Deine Einladung: Melde DICH, tritt in DEINE KRAFT! tina@tina-estrella.com Lass uns dort begegnen, wo die Stimmung fetzt und [&hellip;]<\/p>\n","protected":false},"author":1,"featured_media":0,"parent":0,"menu_order":0,"comment_status":"closed","ping_status":"closed","template":"","meta":{"site-sidebar-layout":"no-sidebar","site-content-layout":"","ast-site-content-layout":"full-width-container","site-content-style":"default","site-sidebar-style":"default","ast-global-header-display":"","ast-banner-title-visibility":"","ast-main-header-display":"","ast-hfb-above-header-display":"","ast-hfb-below-header-display":"","ast-hfb-mobile-header-display":"","site-post-title":"","ast-breadcrumbs-content":"","ast-featured-img":"disabled","footer-sml-layout":"","theme-transparent-header-meta":"","adv-header-id-meta":"","stick-header-meta":"","header-above-stick-meta":"","header-main-stick-meta":"","header-below-stick-meta":"","astra-migrate-meta-layouts":"default","ast-page-background-enabled":"default","ast-page-background-meta":{"desktop":{"background-color":"var(--ast-global-color-4)","background-image":"","background-repeat":"repeat","background-position":"center center","background-size":"auto","background-attachment":"scroll","background-type":"","background-media":"","overlay-type":"","overlay-color":"","overlay-opacity":"","overlay-gradient":""},"tablet":{"background-color":"","background-image":"","background-repeat":"repeat","background-position":"center center","background-size":"auto","background-attachment":"scroll","background-type":"","background-media":"","overlay-type":"","overlay-color":"","overlay-opacity":"","overlay-gradient":""},"mobile":{"background-color":"","background-image":"","background-repeat":"repeat","background-position":"center center","background-size":"auto","background-attachment":"scroll","background-type":"","background-media":"","overlay-type":"","overlay-color":"","overlay-opacity":"","overlay-gradient":""}},"ast-content-background-meta":{"desktop":{"background-color":"var(--ast-global-color-5)","background-image":"","background-repeat":"repeat","background-position":"center center","background-size":"auto","background-attachment":"scroll","background-type":"","background-media":"","overlay-type":"","overlay-color":"","overlay-opacity":"","overlay-gradient":""},"tablet":{"background-color":"var(--ast-global-color-5)","background-image":"","background-repeat":"repeat","background-position":"center center","background-size":"auto","background-attachment":"scroll","background-type":"","background-media":"","overlay-type":"","overlay-color":"","overlay-opacity":"","overlay-gradient":""},"mobile":{"background-color":"var(--ast-global-color-5)","background-image":"","background-repeat":"repeat","background-position":"center center","background-size":"auto","background-attachment":"scroll","background-type":"","background-media":"","overlay-type":"","overlay-color":"","overlay-opacity":"","overlay-gradient":""}},"footnotes":""},"class_list":["post-2598","page","type-page","status-publish","hentry"],"_links":{"self":[{"href":"https:\/\/tina-estrella.com\/de\/wp-json\/wp\/v2\/pages\/2598","targetHints":{"allow":["GET"]}}],"collection":[{"href":"https:\/\/tina-estrella.com\/de\/wp-json\/wp\/v2\/pages"}],"about":[{"href":"https:\/\/tina-estrella.com\/de\/wp-json\/wp\/v2\/types\/page"}],"author":[{"embeddable":true,"href":"https:\/\/tina-estrella.com\/de\/wp-json\/wp\/v2\/users\/1"}],"replies":[{"embeddable":true,"href":"https:\/\/tina-estrella.com\/de\/wp-json\/wp\/v2\/comments?post=2598"}],"version-history":[{"count":13,"href":"https:\/\/tina-estrella.com\/de\/wp-json\/wp\/v2\/pages\/2598\/revisions"}],"predecessor-version":[{"id":2912,"href":"https:\/\/tina-estrella.com\/de\/wp-json\/wp\/v2\/pages\/2598\/revisions\/2912"}],"wp:attachment":[{"href":"https:\/\/tina-estrella.com\/de\/wp-json\/wp\/v2\/media?parent=2598"}],"curies":[{"name":"wp","href":"https:\/\/api.w.org\/{rel}","templated":true}]}}