{"id":2628,"date":"2025-06-12T05:26:41","date_gmt":"2025-06-12T05:26:41","guid":{"rendered":"https:\/\/tina-estrella.com\/tina\/"},"modified":"2025-08-11T12:11:07","modified_gmt":"2025-08-11T12:11:07","slug":"tina","status":"publish","type":"page","link":"https:\/\/tina-estrella.com\/de\/tina\/","title":{"rendered":"Tina"},"content":{"rendered":"\t\t<div data-elementor-type=\"wp-page\" data-elementor-id=\"2628\" class=\"elementor elementor-2628 elementor-25\" data-elementor-post-type=\"page\">\n\t\t\t\t<div class=\"elementor-element elementor-element-30a2f9f e-flex e-con-boxed e-con e-parent\" data-id=\"30a2f9f\" data-element_type=\"container\" data-settings=\"{&quot;background_background&quot;:&quot;slideshow&quot;,&quot;background_slideshow_gallery&quot;:[{&quot;id&quot;:2027,&quot;url&quot;:&quot;http:\\\/\\\/tina-estrella.com\\\/wp-content\\\/uploads\\\/2025\\\/06\\\/tina-magic.webp&quot;},{&quot;id&quot;:1323,&quot;url&quot;:&quot;http:\\\/\\\/tina-estrella.com\\\/wp-content\\\/uploads\\\/2025\\\/06\\\/testimonials-0.webp&quot;},{&quot;id&quot;:2135,&quot;url&quot;:&quot;http:\\\/\\\/tina-estrella.com\\\/wp-content\\\/uploads\\\/2025\\\/06\\\/growth-hive-1.webp&quot;}],&quot;background_slideshow_slide_duration&quot;:1000,&quot;background_slideshow_loop&quot;:&quot;yes&quot;,&quot;background_slideshow_slide_transition&quot;:&quot;fade&quot;,&quot;background_slideshow_transition_duration&quot;:500}\">\n\t\t\t\t\t<div class=\"e-con-inner\">\n\t\t<div class=\"elementor-element elementor-element-d87b428 e-con-full e-flex e-con e-child\" data-id=\"d87b428\" data-element_type=\"container\">\n\t\t\t\t<div class=\"elementor-element elementor-element-7da17b2 elementor-widget elementor-widget-heading\" data-id=\"7da17b2\" data-element_type=\"widget\" data-widget_type=\"heading.default\">\n\t\t\t\t<div class=\"elementor-widget-container\">\n\t\t\t\t\t<h6 class=\"elementor-heading-title elementor-size-default\">\u00dcber mich<\/h6>\t\t\t\t<\/div>\n\t\t\t\t<\/div>\n\t\t\t\t<div class=\"elementor-element elementor-element-b2c5022 elementor-widget elementor-widget-heading\" data-id=\"b2c5022\" data-element_type=\"widget\" data-widget_type=\"heading.default\">\n\t\t\t\t<div class=\"elementor-widget-container\">\n\t\t\t\t\t<h1 class=\"elementor-heading-title elementor-size-default\">TINA <i>Estrella<\/i><\/h1>\t\t\t\t<\/div>\n\t\t\t\t<\/div>\n\t\t\t\t<\/div>\n\t\t\t\t\t<\/div>\n\t\t\t\t<\/div>\n\t\t<div class=\"elementor-element elementor-element-4602706 e-flex e-con-boxed e-con e-parent\" data-id=\"4602706\" data-element_type=\"container\" data-settings=\"{&quot;background_background&quot;:&quot;classic&quot;}\">\n\t\t\t\t\t<div class=\"e-con-inner\">\n\t\t<div class=\"elementor-element elementor-element-3e3e242 e-con-full e-flex e-con e-child\" data-id=\"3e3e242\" data-element_type=\"container\">\n\t\t\t\t<div class=\"elementor-element elementor-element-024294f elementor-widget elementor-widget-heading\" data-id=\"024294f\" data-element_type=\"widget\" data-widget_type=\"heading.default\">\n\t\t\t\t<div class=\"elementor-widget-container\">\n\t\t\t\t\t<h2 class=\"elementor-heading-title elementor-size-default\"><i>Meine<\/i> REISE<\/h2>\t\t\t\t<\/div>\n\t\t\t\t<\/div>\n\t\t\t\t<\/div>\n\t\t<div class=\"elementor-element elementor-element-cbf17be e-con-full e-flex e-con e-child\" data-id=\"cbf17be\" data-element_type=\"container\">\n\t\t\t\t<div class=\"elementor-element elementor-element-40faf11 elementor-widget elementor-widget-heading\" data-id=\"40faf11\" data-element_type=\"widget\" data-widget_type=\"heading.default\">\n\t\t\t\t<div class=\"elementor-widget-container\">\n\t\t\t\t\t<h6 class=\"elementor-heading-title elementor-size-default\">Wir befinden uns am Anfang des neuen Jahrtausend.<br>Ich hatte gerade meinen zweiten Nervenzusammenbruch in dieser Woche, und mal wieder bewiesen, dass mein Drogen- und Alkoholkonsum meilenweit au\u00dfer Kontrolle ist.<\/h6>\t\t\t\t<\/div>\n\t\t\t\t<\/div>\n\t\t\t\t<div class=\"elementor-element elementor-element-d696e4b elementor-widget elementor-widget-text-editor\" data-id=\"d696e4b\" data-element_type=\"widget\" data-widget_type=\"text-editor.default\">\n\t\t\t\t<div class=\"elementor-widget-container\">\n\t\t\t\t\t\t\t\t\t<p>Ich kauer auf dem Badezimmerboden, meine Augen geschwollen vom Kater und dem hysterischen Heulkrampf, mein K\u00f6rper total \u00fcbers\u00e4uert und ausgelaugt von den Nervengiften. Mein Fleisch schmerzt an den selbst zugef\u00fcgten, vern\u00e4hten Wunden.<\/p><p>Pl\u00f6tzlich schie\u00dft ein Gedanke durch meinen Kopf \u2013 so elektrisch wie ein Blitzeinschlag an einem schw\u00fclen Sommertag:<\/p>\t\t\t\t\t\t\t\t<\/div>\n\t\t\t\t<\/div>\n\t\t\t\t<\/div>\n\t\t\t\t\t<\/div>\n\t\t\t\t<\/div>\n\t\t<div class=\"elementor-element elementor-element-a8bdb96 e-flex e-con-boxed e-con e-parent\" data-id=\"a8bdb96\" data-element_type=\"container\">\n\t\t\t\t\t<div class=\"e-con-inner\">\n\t\t<div class=\"elementor-element elementor-element-f3e3c73 e-con-full e-flex e-con e-child\" data-id=\"f3e3c73\" data-element_type=\"container\" data-settings=\"{&quot;background_background&quot;:&quot;classic&quot;}\">\n\t\t\t\t<div class=\"elementor-element elementor-element-7f16cc0 elementor-widget elementor-widget-text-editor\" data-id=\"7f16cc0\" data-element_type=\"widget\" data-widget_type=\"text-editor.default\">\n\t\t\t\t<div class=\"elementor-widget-container\">\n\t\t\t\t\t\t\t\t\t<h3>\u201e<i>Daf\u00fcr bin ich nicht\u00a0<\/i>HIER<i>.\u00a0<\/i><i>Das kann unm\u00f6glich der\u00a0<\/i>SINN\u00a0<i>meines<\/i>\u00a0LEBENS<i>\u00a0sein!\u201c<\/i><\/h3>\t\t\t\t\t\t\t\t<\/div>\n\t\t\t\t<\/div>\n\t\t\t\t<div class=\"elementor-element elementor-element-938214c elementor-widget elementor-widget-text-editor\" data-id=\"938214c\" data-element_type=\"widget\" data-widget_type=\"text-editor.default\">\n\t\t\t\t<div class=\"elementor-widget-container\">\n\t\t\t\t\t\t\t\t\t<p>Die Klarheit dieses WISSENS sprengt mir den Sch\u00e4del.<\/p><p>Der Schleier \u00fcber meinem Gehirn, das innere Melodrama \u00e0 la \u201eich armes, kleines Nichts\u201c, der Selbsthass und der Weltschmerz \u2013 alles weg. Was bleibt, ist dieses tiefe VERSTEHEN, dass ich das alles selbst kreiert habe, um nicht der knallharten, aber heilsamen Wahrheit ins Auge blicken zu m\u00fcssen:<\/p>\t\t\t\t\t\t\t\t<\/div>\n\t\t\t\t<\/div>\n\t\t\t\t<\/div>\n\t\t\t\t\t<\/div>\n\t\t\t\t<\/div>\n\t\t<div class=\"elementor-element elementor-element-8ccd9bd e-flex e-con-boxed e-con e-parent\" data-id=\"8ccd9bd\" data-element_type=\"container\" data-settings=\"{&quot;background_background&quot;:&quot;classic&quot;}\">\n\t\t\t\t\t<div class=\"e-con-inner\">\n\t\t<div class=\"elementor-element elementor-element-08caa2a e-con-full e-flex e-con e-child\" data-id=\"08caa2a\" data-element_type=\"container\">\n\t\t\t\t<div class=\"elementor-element elementor-element-209738c elementor-widget elementor-widget-text-editor\" data-id=\"209738c\" data-element_type=\"widget\" data-widget_type=\"text-editor.default\">\n\t\t\t\t<div class=\"elementor-widget-container\">\n\t\t\t\t\t\t\t\t\t<h3><em>\u201eIch bin die<\/em>\u00a0EINZIGE,\u00a0<em>die f\u00fcr meine Gef\u00fchle verantwortlich ist.<\/em><br \/><em>Nur ich kann diese\u00a0<\/em>SHIT SHOW,<em>\u00a0die ich Leben nenne, ver\u00e4ndern.\u201c<\/em><\/h3>\t\t\t\t\t\t\t\t<\/div>\n\t\t\t\t<\/div>\n\t\t\t\t<div class=\"elementor-element elementor-element-71ca05e elementor-widget elementor-widget-text-editor\" data-id=\"71ca05e\" data-element_type=\"widget\" data-widget_type=\"text-editor.default\">\n\t\t\t\t<div class=\"elementor-widget-container\">\n\t\t\t\t\t\t\t\t\t<p>Boom, glasklar.<\/p><p>Kein Drama. Kein Zweifel. Nur v\u00f6llige HINGABE an die nackten Tatsachen.  <\/p><p>Wenn du mich fragst, wie ich zu diesem Punkt gekommen bin, kann ich dir nur sagen:<\/p>\t\t\t\t\t\t\t\t<\/div>\n\t\t\t\t<\/div>\n\t\t\t\t<div class=\"elementor-element elementor-element-1c6ba7c elementor-widget__width-inherit elementor-widget elementor-widget-text-editor\" data-id=\"1c6ba7c\" data-element_type=\"widget\" data-widget_type=\"text-editor.default\">\n\t\t\t\t<div class=\"elementor-widget-container\">\n\t\t\t\t\t\t\t\t\t<div><h3><em>Irgendwann kommt der Moment, an dem\u00a0<\/em>GOTT\/DAS UNIVERSUM\/ DAS SCH\u00d6PFERBEWUSSTSEIN\u00a0<em>(oder wie auch immer du es nennen willst) keine Lust mehr hat, durch uns Menschen das ewig gleiche Spiel von \u201eich bin so ein Opfer meiner Umst\u00e4nde\u201c zu spielen\u00a0\u2013\u00a0und die T\u00fcr zur Erkenntnis f\u00fcr uns \u00f6ffnet:\u00a0<\/em>\u201eICH BIN DIE SCH\u00d6PFERIN MEINER REALIT\u00c4T.\u201c<\/h3><\/div>\t\t\t\t\t\t\t\t<\/div>\n\t\t\t\t<\/div>\n\t\t\t\t<div class=\"elementor-element elementor-element-0af8c29 elementor-widget elementor-widget-text-editor\" data-id=\"0af8c29\" data-element_type=\"widget\" data-widget_type=\"text-editor.default\">\n\t\t\t\t<div class=\"elementor-widget-container\">\n\t\t\t\t\t\t\t\t\t<p>Das ist der \u201eBlaue Pille \/ Rote Pille\u201c Moment.<\/p><p>Die Wahl liegt bei uns \u2013 ob wir durch diese T\u00fcr gehen oder freiwillig in unserer halbwegs bequemen, selbstgebauten H\u00f6lle hocken bleiben; weil das Neue, Unbekannte erstmal angsteinfl\u00f6\u00dfend und ungem\u00fctlich wirkt.<\/p><p>Ich habe diesen Sprung ins Unbekannte gewagt..<\/p><p>Seitdem hab ich ungef\u00e4hr 45.000 Euro und unz\u00e4hlige Stunden in Therapie, Coaching, spirituelle Praktiken und Ausbildungen investiert. Manche waren bahnbrechend, andere eher weniger&#8230; <\/p><p>Ich habe mich mit meiner Dunkelheit und meinem Licht angefreundet, Teile von mir integriert, die seit fast einem halben Jahrhundert nach meiner Aufmerksamkeit geschrien hatten.<\/p><p>Und dieser Weg endet nie. Wir werden ihn wahrscheinlich bis zu unserem letzten Atemzug gehen \u2013 immer weiter wachsend, uns ausdehnend in erf\u00fclltere, liebevollere, dankbarere Versionen unseres Selbst. <\/p>\t\t\t\t\t\t\t\t<\/div>\n\t\t\t\t<\/div>\n\t\t\t\t<\/div>\n\t\t\t\t\t<\/div>\n\t\t\t\t<\/div>\n\t\t<div class=\"elementor-element elementor-element-cec566a e-flex e-con-boxed e-con e-parent\" data-id=\"cec566a\" data-element_type=\"container\">\n\t\t\t\t\t<div class=\"e-con-inner\">\n\t\t<div class=\"elementor-element elementor-element-6a726df e-con-full e-flex e-con e-child\" data-id=\"6a726df\" data-element_type=\"container\">\n\t\t\t\t<div class=\"elementor-element elementor-element-e3a376a elementor-widget elementor-widget-text-editor\" data-id=\"e3a376a\" data-element_type=\"widget\" data-widget_type=\"text-editor.default\">\n\t\t\t\t<div class=\"elementor-widget-container\">\n\t\t\t\t\t\t\t\t\t<div><h3><i>Dieser Weg ist nichts f\u00fcr Zartbesaitete oder Liebhaber von<\/i>\u00a0SPIRITUELLEM LARIFARI.<br \/><i>Das hier ist der Weg der heiligen<\/i>\u00a0Krieger*innen.\u00a0Die\u00a0HELD*INNENREISE<i>.<\/i><\/h3><\/div>\t\t\t\t\t\t\t\t<\/div>\n\t\t\t\t<\/div>\n\t\t\t\t<div class=\"elementor-element elementor-element-a127e1c elementor-widget elementor-widget-text-editor\" data-id=\"a127e1c\" data-element_type=\"widget\" data-widget_type=\"text-editor.default\">\n\t\t\t\t<div class=\"elementor-widget-container\">\n\t\t\t\t\t\t\t\t\t<p>Er fordert uns auf, nicht nur in der materiellen Welt, sondern auch auf mentaler, emotionaler und metaphysischer Ebene unseren Schatten zu begegnen.<\/p><p>Er verlangt Hingabe. Mut. Und die Bereitschaft, genau dorthin zu schauen, wo unser Ego lieber die Ray-Bans aufsetzen w\u00fcrde.<\/p>\t\t\t\t\t\t\t\t<\/div>\n\t\t\t\t<\/div>\n\t\t\t\t<\/div>\n\t\t\t\t\t<\/div>\n\t\t\t\t<\/div>\n\t\t<div class=\"elementor-element elementor-element-812010d e-flex e-con-boxed e-con e-parent\" data-id=\"812010d\" data-element_type=\"container\" data-settings=\"{&quot;background_background&quot;:&quot;classic&quot;}\">\n\t\t\t\t\t<div class=\"e-con-inner\">\n\t\t\t\t<div class=\"elementor-element elementor-element-212bd69 elementor-widget elementor-widget-heading\" data-id=\"212bd69\" data-element_type=\"widget\" data-widget_type=\"heading.default\">\n\t\t\t\t<div class=\"elementor-widget-container\">\n\t\t\t\t\t<h3 class=\"elementor-heading-title elementor-size-default\">UND\u00a0<i>er birgt die tiefste<\/i>\u00a0ERF\u00dcLLUNG,\u00a0<i>die ich jemals erlebt habe.<\/i><\/h3>\t\t\t\t<\/div>\n\t\t\t\t<\/div>\n\t\t\t\t<div class=\"elementor-element elementor-element-a061f16 elementor-widget elementor-widget-text-editor\" data-id=\"a061f16\" data-element_type=\"widget\" data-widget_type=\"text-editor.default\">\n\t\t\t\t<div class=\"elementor-widget-container\">\n\t\t\t\t\t\t\t\t\t<p>All die Dinge, die wir uns w\u00fcnschen \u2013 Liebe, Verbindung, F\u00fclle, Sicherheit, Leichtigkeit \u2013 resultieren wie von selbst aus dieser tiefen, ehrlichen Innenschau, bei der wir unbewusste Muster aufdecken und sie in bewusste, kraftvolle Entscheidungen transformieren.<\/p><p>Und wenn du so tickst wie ich, dann WEISST du aus Erfahrung: Klingt einfach, ist aber ein einziger Hindernislauf. Immer wieder stehen wir vor Blockaden und fragen uns, ob wir jemals ankommen werden.<\/p>\t\t\t\t\t\t\t\t<\/div>\n\t\t\t\t<\/div>\n\t\t\t\t\t<\/div>\n\t\t\t\t<\/div>\n\t\t<div class=\"elementor-element elementor-element-4ae5f4e e-flex e-con-boxed e-con e-parent\" data-id=\"4ae5f4e\" data-element_type=\"container\" data-settings=\"{&quot;background_background&quot;:&quot;classic&quot;}\">\n\t\t\t\t\t<div class=\"e-con-inner\">\n\t\t<div class=\"elementor-element elementor-element-869ba8a e-con-full e-flex e-con e-child\" data-id=\"869ba8a\" data-element_type=\"container\">\n\t\t\t\t<div class=\"elementor-element elementor-element-34f9582 elementor-widget elementor-widget-heading\" data-id=\"34f9582\" data-element_type=\"widget\" data-widget_type=\"heading.default\">\n\t\t\t\t<div class=\"elementor-widget-container\">\n\t\t\t\t\t<h3 class=\"elementor-heading-title elementor-size-default\">Daf\u00fcr bin ich hier:<\/h3>\t\t\t\t<\/div>\n\t\t\t\t<\/div>\n\t\t\t\t<div class=\"elementor-element elementor-element-0ca1be1 elementor-widget elementor-widget-text-editor\" data-id=\"0ca1be1\" data-element_type=\"widget\" data-widget_type=\"text-editor.default\">\n\t\t\t\t<div class=\"elementor-widget-container\">\n\t\t\t\t\t\t\t\t\t<p>Ich bin dein Coach und deine Cheerleaderin auf diesem Weg.<\/p><p>Ich halte den Raum f\u00fcr dich, teile Werkzeuge mit dir, die in meiner ganz pers\u00f6nlichen Top 10 der Selbstentwicklung gelandet sind, und unterst\u00fctze dich dabei, deine Vision und deine Intentionen auch wirklich umzusetzen.<\/p>\t\t\t\t\t\t\t\t<\/div>\n\t\t\t\t<\/div>\n\t\t\t\t<div class=\"elementor-element elementor-element-d26c107 elementor-widget elementor-widget-text-editor\" data-id=\"d26c107\" data-element_type=\"widget\" data-widget_type=\"text-editor.default\">\n\t\t\t\t<div class=\"elementor-widget-container\">\n\t\t\t\t\t\t\t\t\t<h3><em>Denn du bist ein*e genauso krasse*r\u00a0<\/em>HELD*IN\u00a0<em>wie ich \u2013 und es ist mir eine\u00a0<\/em>EHRE, <em>dich auf deiner ganz eigenen,<\/em> EINZIGARTIGEN\u00a0<em>Krieger*<wbr \/>innenreise zu begleiten.<\/em><\/h3>\t\t\t\t\t\t\t\t<\/div>\n\t\t\t\t<\/div>\n\t\t\t\t<\/div>\n\t\t\t\t\t<\/div>\n\t\t\t\t<\/div>\n\t\t<div class=\"elementor-element elementor-element-3541687 e-flex e-con-boxed e-con e-parent\" data-id=\"3541687\" data-element_type=\"container\" data-settings=\"{&quot;background_background&quot;:&quot;classic&quot;}\">\n\t\t\t\t\t<div class=\"e-con-inner\">\n\t\t\t\t<div class=\"elementor-element elementor-element-8faecf1 elementor-widget elementor-widget-heading\" data-id=\"8faecf1\" data-element_type=\"widget\" data-widget_type=\"heading.default\">\n\t\t\t\t<div class=\"elementor-widget-container\">\n\t\t\t\t\t<h2 class=\"elementor-heading-title elementor-size-default\">Meine AUSBILDUNGEN:<\/h2>\t\t\t\t<\/div>\n\t\t\t\t<\/div>\n\t\t\t\t\t<\/div>\n\t\t\t\t<\/div>\n\t\t<div class=\"elementor-element elementor-element-e90f5af e-flex e-con-boxed e-con e-parent\" data-id=\"e90f5af\" data-element_type=\"container\" data-settings=\"{&quot;background_background&quot;:&quot;classic&quot;}\">\n\t\t\t\t\t<div class=\"e-con-inner\">\n\t\t<div class=\"elementor-element elementor-element-d1b2949 e-con-full e-flex e-con e-child\" data-id=\"d1b2949\" data-element_type=\"container\">\n\t\t\t\t<div class=\"elementor-element elementor-element-20abf2c elementor-widget elementor-widget-heading\" data-id=\"20abf2c\" data-element_type=\"widget\" data-widget_type=\"heading.default\">\n\t\t\t\t<div class=\"elementor-widget-container\">\n\t\t\t\t\t<h5 class=\"elementor-heading-title elementor-size-default\">2017 \u2013 2018<\/h5>\t\t\t\t<\/div>\n\t\t\t\t<\/div>\n\t\t\t\t<div class=\"elementor-element elementor-element-6bc6a5c elementor-widget elementor-widget-heading\" data-id=\"6bc6a5c\" data-element_type=\"widget\" data-widget_type=\"heading.default\">\n\t\t\t\t<div class=\"elementor-widget-container\">\n\t\t\t\t\t<h6 class=\"elementor-heading-title elementor-size-default\">Hangab Praktikerin\/Energetische K\u00f6rperarbeit<\/h6>\t\t\t\t<\/div>\n\t\t\t\t<\/div>\n\t\t\t\t<div class=\"elementor-element elementor-element-e06a364 elementor-widget elementor-widget-text-editor\" data-id=\"e06a364\" data-element_type=\"widget\" data-widget_type=\"text-editor.default\">\n\t\t\t\t<div class=\"elementor-widget-container\">\n\t\t\t\t\t\t\t\t\tHangabzentrum Bodensee\/Deutschland\t\t\t\t\t\t\t\t<\/div>\n\t\t\t\t<\/div>\n\t\t\t\t<div class=\"elementor-element elementor-element-aefe1e3 elementor-widget-divider--view-line elementor-widget elementor-widget-divider\" data-id=\"aefe1e3\" data-element_type=\"widget\" data-widget_type=\"divider.default\">\n\t\t\t\t<div class=\"elementor-widget-container\">\n\t\t\t\t\t\t\t<div class=\"elementor-divider\">\n\t\t\t<span class=\"elementor-divider-separator\">\n\t\t\t\t\t\t<\/span>\n\t\t<\/div>\n\t\t\t\t\t\t<\/div>\n\t\t\t\t<\/div>\n\t\t\t\t<div class=\"elementor-element elementor-element-eb5c7e5 elementor-widget elementor-widget-heading\" data-id=\"eb5c7e5\" data-element_type=\"widget\" data-widget_type=\"heading.default\">\n\t\t\t\t<div class=\"elementor-widget-container\">\n\t\t\t\t\t<h5 class=\"elementor-heading-title elementor-size-default\">2019 \u2013 2020<\/h5>\t\t\t\t<\/div>\n\t\t\t\t<\/div>\n\t\t\t\t<div class=\"elementor-element elementor-element-a085ea5 elementor-widget elementor-widget-heading\" data-id=\"a085ea5\" data-element_type=\"widget\" data-widget_type=\"heading.default\">\n\t\t\t\t<div class=\"elementor-widget-container\">\n\t\t\t\t\t<h6 class=\"elementor-heading-title elementor-size-default\">Mastertraining Tantra Hatha Yoga<\/h6>\t\t\t\t<\/div>\n\t\t\t\t<\/div>\n\t\t\t\t<div class=\"elementor-element elementor-element-218e82c elementor-widget elementor-widget-text-editor\" data-id=\"218e82c\" data-element_type=\"widget\" data-widget_type=\"text-editor.default\">\n\t\t\t\t<div class=\"elementor-widget-container\">\n\t\t\t\t\t\t\t\t\tDanja Lutz School of Embodiment \/ \u00d6sterreich\t\t\t\t\t\t\t\t<\/div>\n\t\t\t\t<\/div>\n\t\t\t\t<div class=\"elementor-element elementor-element-4f7400a elementor-widget-divider--view-line elementor-widget elementor-widget-divider\" data-id=\"4f7400a\" data-element_type=\"widget\" data-widget_type=\"divider.default\">\n\t\t\t\t<div class=\"elementor-widget-container\">\n\t\t\t\t\t\t\t<div class=\"elementor-divider\">\n\t\t\t<span class=\"elementor-divider-separator\">\n\t\t\t\t\t\t<\/span>\n\t\t<\/div>\n\t\t\t\t\t\t<\/div>\n\t\t\t\t<\/div>\n\t\t\t\t<div class=\"elementor-element elementor-element-fc8a875 elementor-widget elementor-widget-heading\" data-id=\"fc8a875\" data-element_type=\"widget\" data-widget_type=\"heading.default\">\n\t\t\t\t<div class=\"elementor-widget-container\">\n\t\t\t\t\t<h5 class=\"elementor-heading-title elementor-size-default\">2022 \u2013 2023<\/h5>\t\t\t\t<\/div>\n\t\t\t\t<\/div>\n\t\t\t\t<div class=\"elementor-element elementor-element-20dcfc0 elementor-widget elementor-widget-heading\" data-id=\"20dcfc0\" data-element_type=\"widget\" data-widget_type=\"heading.default\">\n\t\t\t\t<div class=\"elementor-widget-container\">\n\t\t\t\t\t<h6 class=\"elementor-heading-title elementor-size-default\">Massage + Ayurveda Therapeutin\/Kr\u00e4uterkunde<\/h6>\t\t\t\t<\/div>\n\t\t\t\t<\/div>\n\t\t\t\t<div class=\"elementor-element elementor-element-43b1c6e elementor-widget elementor-widget-text-editor\" data-id=\"43b1c6e\" data-element_type=\"widget\" data-widget_type=\"text-editor.default\">\n\t\t\t\t<div class=\"elementor-widget-container\">\n\t\t\t\t\t\t\t\t\tKurland\/Deutschland\t\t\t\t\t\t\t\t<\/div>\n\t\t\t\t<\/div>\n\t\t\t\t<div class=\"elementor-element elementor-element-d2786fb elementor-widget-divider--view-line elementor-widget elementor-widget-divider\" data-id=\"d2786fb\" data-element_type=\"widget\" data-widget_type=\"divider.default\">\n\t\t\t\t<div class=\"elementor-widget-container\">\n\t\t\t\t\t\t\t<div class=\"elementor-divider\">\n\t\t\t<span class=\"elementor-divider-separator\">\n\t\t\t\t\t\t<\/span>\n\t\t<\/div>\n\t\t\t\t\t\t<\/div>\n\t\t\t\t<\/div>\n\t\t\t\t<div class=\"elementor-element elementor-element-413b4a7 elementor-widget elementor-widget-heading\" data-id=\"413b4a7\" data-element_type=\"widget\" data-widget_type=\"heading.default\">\n\t\t\t\t<div class=\"elementor-widget-container\">\n\t\t\t\t\t<h5 class=\"elementor-heading-title elementor-size-default\">2024 \u2013 2025<\/h5>\t\t\t\t<\/div>\n\t\t\t\t<\/div>\n\t\t\t\t<div class=\"elementor-element elementor-element-d154bca elementor-widget elementor-widget-heading\" data-id=\"d154bca\" data-element_type=\"widget\" data-widget_type=\"heading.default\">\n\t\t\t\t<div class=\"elementor-widget-container\">\n\t\t\t\t\t<h6 class=\"elementor-heading-title elementor-size-default\">EK Coach\/inneres Familiensystem + somatisches Coaching<\/h6>\t\t\t\t<\/div>\n\t\t\t\t<\/div>\n\t\t\t\t<div class=\"elementor-element elementor-element-5a31b55 elementor-widget elementor-widget-text-editor\" data-id=\"5a31b55\" data-element_type=\"widget\" data-widget_type=\"text-editor.default\">\n\t\t\t\t<div class=\"elementor-widget-container\">\n\t\t\t\t\t\t\t\t\tThe Immortal College\/online\t\t\t\t\t\t\t\t<\/div>\n\t\t\t\t<\/div>\n\t\t\t\t<\/div>\n\t\t<div class=\"elementor-element elementor-element-4440c18 e-con-full e-flex e-con e-child\" data-id=\"4440c18\" data-element_type=\"container\" data-settings=\"{&quot;background_background&quot;:&quot;classic&quot;}\">\n\t\t\t\t<div class=\"elementor-element elementor-element-f6fc69b elementor-widget elementor-widget-image\" data-id=\"f6fc69b\" data-element_type=\"widget\" data-widget_type=\"image.default\">\n\t\t\t\t<div class=\"elementor-widget-container\">\n\t\t\t\t\t\t\t\t\t\t\t\t\t\t\t<img fetchpriority=\"high\" decoding=\"async\" width=\"768\" height=\"512\" src=\"https:\/\/tina-estrella.com\/wp-content\/uploads\/2025\/06\/tina-training.webp\" class=\"attachment-full size-full wp-image-2579\" alt=\"\" srcset=\"https:\/\/tina-estrella.com\/wp-content\/uploads\/2025\/06\/tina-training.webp 768w, https:\/\/tina-estrella.com\/wp-content\/uploads\/2025\/06\/tina-training-300x200.webp 300w\" sizes=\"(max-width: 768px) 100vw, 768px\" \/>\t\t\t\t\t\t\t\t\t\t\t\t\t\t\t<\/div>\n\t\t\t\t<\/div>\n\t\t\t\t<\/div>\n\t\t\t\t\t<\/div>\n\t\t\t\t<\/div>\n\t\t\t\t<\/div>\n\t\t","protected":false},"excerpt":{"rendered":"<p>\u00dcber mich TINA Estrella Meine REISE Wir befinden uns am Anfang des neuen Jahrtausend.Ich hatte gerade meinen zweiten Nervenzusammenbruch in [&hellip;]<\/p>\n","protected":false},"author":1,"featured_media":0,"parent":0,"menu_order":0,"comment_status":"closed","ping_status":"closed","template":"","meta":{"site-sidebar-layout":"no-sidebar","site-content-layout":"","ast-site-content-layout":"full-width-container","site-content-style":"default","site-sidebar-style":"default","ast-global-header-display":"","ast-banner-title-visibility":"","ast-main-header-display":"","ast-hfb-above-header-display":"","ast-hfb-below-header-display":"","ast-hfb-mobile-header-display":"","site-post-title":"disabled","ast-breadcrumbs-content":"","ast-featured-img":"disabled","footer-sml-layout":"","theme-transparent-header-meta":"","adv-header-id-meta":"","stick-header-meta":"","header-above-stick-meta":"","header-main-stick-meta":"","header-below-stick-meta":"","astra-migrate-meta-layouts":"default","ast-page-background-enabled":"default","ast-page-background-meta":{"desktop":{"background-color":"var(--ast-global-color-4)","background-image":"","background-repeat":"repeat","background-position":"center center","background-size":"auto","background-attachment":"scroll","background-type":"","background-media":"","overlay-type":"","overlay-color":"","overlay-opacity":"","overlay-gradient":""},"tablet":{"background-color":"","background-image":"","background-repeat":"repeat","background-position":"center center","background-size":"auto","background-attachment":"scroll","background-type":"","background-media":"","overlay-type":"","overlay-color":"","overlay-opacity":"","overlay-gradient":""},"mobile":{"background-color":"","background-image":"","background-repeat":"repeat","background-position":"center center","background-size":"auto","background-attachment":"scroll","background-type":"","background-media":"","overlay-type":"","overlay-color":"","overlay-opacity":"","overlay-gradient":""}},"ast-content-background-meta":{"desktop":{"background-color":"var(--ast-global-color-5)","background-image":"","background-repeat":"repeat","background-position":"center center","background-size":"auto","background-attachment":"scroll","background-type":"","background-media":"","overlay-type":"","overlay-color":"","overlay-opacity":"","overlay-gradient":""},"tablet":{"background-color":"var(--ast-global-color-5)","background-image":"","background-repeat":"repeat","background-position":"center center","background-size":"auto","background-attachment":"scroll","background-type":"","background-media":"","overlay-type":"","overlay-color":"","overlay-opacity":"","overlay-gradient":""},"mobile":{"background-color":"var(--ast-global-color-5)","background-image":"","background-repeat":"repeat","background-position":"center center","background-size":"auto","background-attachment":"scroll","background-type":"","background-media":"","overlay-type":"","overlay-color":"","overlay-opacity":"","overlay-gradient":""}},"footnotes":""},"class_list":["post-2628","page","type-page","status-publish","hentry"],"_links":{"self":[{"href":"https:\/\/tina-estrella.com\/de\/wp-json\/wp\/v2\/pages\/2628","targetHints":{"allow":["GET"]}}],"collection":[{"href":"https:\/\/tina-estrella.com\/de\/wp-json\/wp\/v2\/pages"}],"about":[{"href":"https:\/\/tina-estrella.com\/de\/wp-json\/wp\/v2\/types\/page"}],"author":[{"embeddable":true,"href":"https:\/\/tina-estrella.com\/de\/wp-json\/wp\/v2\/users\/1"}],"replies":[{"embeddable":true,"href":"https:\/\/tina-estrella.com\/de\/wp-json\/wp\/v2\/comments?post=2628"}],"version-history":[{"count":29,"href":"https:\/\/tina-estrella.com\/de\/wp-json\/wp\/v2\/pages\/2628\/revisions"}],"predecessor-version":[{"id":2860,"href":"https:\/\/tina-estrella.com\/de\/wp-json\/wp\/v2\/pages\/2628\/revisions\/2860"}],"wp:attachment":[{"href":"https:\/\/tina-estrella.com\/de\/wp-json\/wp\/v2\/media?parent=2628"}],"curies":[{"name":"wp","href":"https:\/\/api.w.org\/{rel}","templated":true}]}}